{"id":1794,"date":"2023-08-09T15:16:41","date_gmt":"2023-08-09T19:16:41","guid":{"rendered":"https:\/\/www.transdiff.com\/nos-representants\/"},"modified":"2026-03-05T13:56:56","modified_gmt":"2026-03-05T18:56:56","slug":"our-teams","status":"publish","type":"page","link":"https:\/\/www.transdiff.com\/en\/our-teams\/","title":{"rendered":"Our representatives"},"content":{"rendered":"<section\n    id=\"\"\n    class=\"narrow-content aligncenter\"\n    data-block=\"block_8c4278c76118f8719933d85100ec4141\"\n>\n    <div class=\"padd-y\">\n        <div class=\"px-4 mx-auto narrow\">\n            \n\n<h2 class=\"wp-block-heading\">Truck sales representatives<\/h2>\n\n\n\n<div style=\"height:20px\" aria-hidden=\"true\" class=\"wp-block-spacer\"><\/div>\n\n\n\n<h6 class=\"wp-block-heading !mb-0\"><strong>South shore of Quebec City, south side of Highway 20 including the Beauce region and Amiante<\/strong><\/h6>\n\n\n\n<p>Pierre Dor\u00e9 &#8211; <a href=\"mailto:pdore@transdiff.com\">pdore@transdiff.com<\/a> &#8211; Cellulaire : <a href=\"tel:418-953-7383\">418-953-7383<\/a><\/p>\n\n\n\n<p><\/p>\n\n\n\n<h6 class=\"wp-block-heading !mb-0\"><strong>Quebec City \u2013 South shore of Quebec City, north side of Highway 20 &amp; Portneuf-Charlevoix (From Ch\u00e2teau Richer to Baie Ste-Catherine)<\/strong><\/h6>\n\n\n\n<p>Guy Lapierre \u2013\u00a0\u00a0<a href=\"mailto:guy.lapierre@transdiff.com\">guy.lapierre@transdiff.com<\/a>\u00a0\u2013 Cellulaire :\u00a0<a href=\"tel:418-389-9038\">418-389-9038<\/a><\/p>\n\n\n\n<p><\/p>\n\n\n\n<h6 class=\"wp-block-heading !mb-0\"><strong>Lac St-Jean, Chibougamau &amp; Northwestern Quebec<\/strong><\/h6>\n\n\n\n<p>Dany Lemieux &#8211; <a href=\"mailto:dlemieux@jdhpeterbilt.com\">dlemieux@jdhpeterbilt.com<\/a> &#8211; Cellulaire : <a href=\"tel:418-679-6840\">418-679-6840<\/a><\/p>\n\n\n\n<p><\/p>\n\n\n\n<h6 class=\"wp-block-heading !mb-0\"><strong>North Shore<\/strong> &amp; Saguenay<\/h6>\n\n\n\n<p>Yannick Noel \u2013&nbsp;<a href=\"mailto:ynoel@transdiff.com\">ynoel@transdiff.com<\/a>&nbsp;\u2013 Cellulaire : <a href=\"tel:418-944-5885\">418-944-5885<\/a><\/p>\n\n\n\n<p><\/p>\n\n\n\n<h6 class=\"wp-block-heading !mb-0\"><strong>Electric truck and renewable energy<\/strong><\/h6>\n\n\n\n<p>Guy Lapierre \u2013&nbsp;<a href=\"mailto:dlemieux@jdhpeterbilt.com\">guy.lapierre@transdiff.com<\/a>&nbsp;\u2013 Cellulaire :&nbsp;<a href=\"https:\/\/www.transdiff.com\/en\/our-teams\/\" target=\"_blank\" rel=\"noreferrer noopener\">418-389-9038<\/a><\/p>\n\n\n\n<p><\/p>\n\n\n\n<h6 class=\"wp-block-heading !mb-0\"><strong>Sales consultant<\/strong><\/h6>\n\n\n\n<p>Harold Tremblay \u2013&nbsp;<a href=\"mailto:htremblay@transdiff.com\">htremblay@transdiff.com<\/a>&nbsp;\u2013 Cellulaire :&nbsp;<a href=\"tel:418-563-5599\">418-563-5599<\/a><\/p>\n\n\n\n<div style=\"height:30px\" aria-hidden=\"true\" class=\"wp-block-spacer\"><\/div>\n\n\n\n<hr class=\"wp-block-separator has-alpha-channel-opacity\"\/>\n\n\n\n<figure class=\"wp-block-image size-full is-resized\"><img loading=\"lazy\" decoding=\"async\" width=\"1000\" height=\"750\" src=\"https:\/\/www.transdiff.com\/wp-content\/uploads\/2023\/08\/pieces.webp\" alt=\"\" class=\"wp-image-1686\" style=\"width:500px;height:375px\" srcset=\"https:\/\/www.transdiff.com\/wp-content\/uploads\/2023\/08\/pieces.webp 1000w, https:\/\/www.transdiff.com\/wp-content\/uploads\/2023\/08\/pieces-300x225.webp 300w, https:\/\/www.transdiff.com\/wp-content\/uploads\/2023\/08\/pieces-768x576.webp 768w, https:\/\/www.transdiff.com\/wp-content\/uploads\/2023\/08\/pieces-486x365.webp 486w, https:\/\/www.transdiff.com\/wp-content\/uploads\/2023\/08\/pieces-600x450.webp 600w\" sizes=\"auto, (max-width: 1000px) 100vw, 1000px\" \/><\/figure>\n\n\n\n<h2 class=\"wp-block-heading\" id=\"service\">Parts and service representatives<\/h2>\n\n\n\n<div style=\"height:20px\" aria-hidden=\"true\" class=\"wp-block-spacer\"><\/div>\n\n\n\n<h6 class=\"wp-block-heading !mb-0\">Montmagny, Bas St-Laurent, New-Brunswick &amp; Gasp\u00e9sie<\/h6>\n\n\n\n<p>Serge Dub\u00e9 &#8211; <a href=\"mailto:serge.dube@transdiff.com\">serge.dube@transdiff.com<\/a> -418-631-4246<\/p>\n\n\n\n<p><\/p>\n\n\n\n<h6 class=\"wp-block-heading !mb-0\">Qu\u00e9bec Ouest, Portneuf, Mauricie &amp; Lanaudi\u00e8re<\/h6>\n\n\n\n<p>Caroline V\u00e9zina  &#8211; <a href=\"mailto:caroline.vezina@transdiff.com\">caroline.vezina@transdiff.com<\/a> &#8211; 418-933-2797<\/p>\n\n\n\n<p><\/p>\n\n\n\n<h6 class=\"wp-block-heading !mb-0\">Charlevoix, C\u00f4te-de-Beaupr\u00e9, Northeastern Quebec, Lotbini\u00e8re north side of Highway 20<\/h6>\n\n\n\n<p><\/p>\n\n\n\n<h6 class=\"wp-block-heading !mb-0\">Saguenay &amp; C\u00f4te-Nord<\/h6>\n\n\n\n<p>Yannick No\u00ebl  &#8211; <a href=\"mailto:ynoel@transdiff.com\">ynoel@transdiff.com<\/a>&nbsp;-418-944-5885<\/p>\n\n\n\n<p><\/p>\n\n\n\n<h6 class=\"wp-block-heading !mb-0\">Lac St-Jean, Nord du Qu\u00e9bec &amp; Haute-Mauricie<\/h6>\n\n\n\n<p>Fr\u00e9d\u00e9ric Milot &#8211; <a href=\"mailto:frederic.milot@jdhpeterbilt.com\">frederic.milot@jdhpeterbilt.com<\/a> &#8211; 418-671-3101&nbsp;<\/p>\n\n\n\n<p><\/p>\n\n\n\n<h6 class=\"wp-block-heading !mb-0\">Amiante, Bellechasse, South Shore of Quebec &amp; Centre of Quebec<\/h6>\n\n\n\n<p><\/p>\n\n\n\n<h6 class=\"wp-block-heading !mb-0\">South shore of Quebec City north of Highway 20, Nouvelle-Beauce, Lotbini\u00e8re south of Highway 20<\/h6>\n\n\n\n<p>St\u00e9phane Drouin &#8211; <a href=\"mailto:stephane.drouin@transdiff.com\">stephane.drouin@transdiff.com<\/a>&nbsp;&#8211; 418-208-3235<\/p>\n\n\n\n<p><\/p>\n\n\n\n<h6 class=\"wp-block-heading !mb-0\">Beauce, M\u00e9gantic, &amp; Estrie<\/h6>\n\n\n\n<p>Renaud Bernier \u2013&nbsp;<a href=\"mailto:renaud.bernier@transdiff.com\">renaud.bernier@transdiff.com<\/a>&nbsp;\u2013 418-278 1194<\/p>\n\n\n\n<p><\/p>\n\n\n\n<h6 class=\"wp-block-heading !mb-0\">Parts &amp; Service Sales Director<\/h6>\n\n\n\n<p>Bernard Gendron \u2013&nbsp;<a href=\"mailto:bernard.gendron@transdiff.com\" target=\"_blank\" rel=\"noreferrer noopener\">bernard.gendron@transdiff.com<\/a>&nbsp;\u2013 418-653-3422<\/p>\n\n\n        <\/div>\n    <\/div>\n<\/section>\n","protected":false},"excerpt":{"rendered":"","protected":false},"author":3,"featured_media":0,"parent":0,"menu_order":0,"comment_status":"closed","ping_status":"closed","template":"","meta":{"_acf_changed":false,"footnotes":""},"class_list":["post-1794","page","type-page","status-publish","hentry"],"acf":[],"yoast_head":"<!-- This site is optimized with the Yoast SEO plugin v27.4 - https:\/\/yoast.com\/product\/yoast-seo-wordpress\/ -->\n<title>Our representatives - TransDiff<\/title>\n<meta name=\"robots\" content=\"index, follow, max-snippet:-1, max-image-preview:large, max-video-preview:-1\" \/>\n<link rel=\"canonical\" href=\"https:\/\/www.transdiff.com\/en\/our-teams\/\" \/>\n<meta property=\"og:locale\" content=\"en_US\" \/>\n<meta property=\"og:type\" content=\"article\" \/>\n<meta property=\"og:title\" content=\"Our representatives - TransDiff\" \/>\n<meta property=\"og:url\" content=\"https:\/\/www.transdiff.com\/en\/our-teams\/\" \/>\n<meta property=\"og:site_name\" content=\"TransDiff\" \/>\n<meta property=\"article:publisher\" content=\"https:\/\/www.facebook.com\/transdiff\/\" \/>\n<meta property=\"article:modified_time\" content=\"2026-03-05T18:56:56+00:00\" \/>\n<meta property=\"og:image\" content=\"https:\/\/www.transdiff.com\/wp-content\/uploads\/2023\/08\/pieces.webp\" \/>\n\t<meta property=\"og:image:width\" content=\"1000\" \/>\n\t<meta property=\"og:image:height\" content=\"750\" \/>\n\t<meta property=\"og:image:type\" content=\"image\/webp\" \/>\n<meta name=\"twitter:card\" content=\"summary_large_image\" \/>\n<meta name=\"twitter:label1\" content=\"Est. reading time\" \/>\n\t<meta name=\"twitter:data1\" content=\"2 minutes\" \/>\n<script type=\"application\/ld+json\" class=\"yoast-schema-graph\">{\"@context\":\"https:\\\/\\\/schema.org\",\"@graph\":[{\"@type\":\"WebPage\",\"@id\":\"https:\\\/\\\/www.transdiff.com\\\/en\\\/our-teams\\\/\",\"url\":\"https:\\\/\\\/www.transdiff.com\\\/en\\\/our-teams\\\/\",\"name\":\"Our representatives - TransDiff\",\"isPartOf\":{\"@id\":\"https:\\\/\\\/www.transdiff.com\\\/en\\\/#website\"},\"primaryImageOfPage\":{\"@id\":\"https:\\\/\\\/www.transdiff.com\\\/en\\\/our-teams\\\/#primaryimage\"},\"image\":{\"@id\":\"https:\\\/\\\/www.transdiff.com\\\/en\\\/our-teams\\\/#primaryimage\"},\"thumbnailUrl\":\"https:\\\/\\\/www.transdiff.com\\\/wp-content\\\/uploads\\\/2023\\\/08\\\/pieces.webp\",\"datePublished\":\"2023-08-09T19:16:41+00:00\",\"dateModified\":\"2026-03-05T18:56:56+00:00\",\"breadcrumb\":{\"@id\":\"https:\\\/\\\/www.transdiff.com\\\/en\\\/our-teams\\\/#breadcrumb\"},\"inLanguage\":\"en-US\",\"potentialAction\":[{\"@type\":\"ReadAction\",\"target\":[\"https:\\\/\\\/www.transdiff.com\\\/en\\\/our-teams\\\/\"]}]},{\"@type\":\"ImageObject\",\"inLanguage\":\"en-US\",\"@id\":\"https:\\\/\\\/www.transdiff.com\\\/en\\\/our-teams\\\/#primaryimage\",\"url\":\"https:\\\/\\\/www.transdiff.com\\\/wp-content\\\/uploads\\\/2023\\\/08\\\/pieces.webp\",\"contentUrl\":\"https:\\\/\\\/www.transdiff.com\\\/wp-content\\\/uploads\\\/2023\\\/08\\\/pieces.webp\"},{\"@type\":\"BreadcrumbList\",\"@id\":\"https:\\\/\\\/www.transdiff.com\\\/en\\\/our-teams\\\/#breadcrumb\",\"itemListElement\":[{\"@type\":\"ListItem\",\"position\":1,\"name\":\"Home\",\"item\":\"https:\\\/\\\/www.transdiff.com\\\/en\\\/\"},{\"@type\":\"ListItem\",\"position\":2,\"name\":\"Our representatives\"}]},{\"@type\":\"WebSite\",\"@id\":\"https:\\\/\\\/www.transdiff.com\\\/en\\\/#website\",\"url\":\"https:\\\/\\\/www.transdiff.com\\\/en\\\/\",\"name\":\"TransDiff JDH Peterbilt\",\"description\":\"\",\"publisher\":{\"@id\":\"https:\\\/\\\/www.transdiff.com\\\/en\\\/#organization\"},\"alternateName\":\"TransDiff\",\"potentialAction\":[{\"@type\":\"SearchAction\",\"target\":{\"@type\":\"EntryPoint\",\"urlTemplate\":\"https:\\\/\\\/www.transdiff.com\\\/en\\\/?s={search_term_string}\"},\"query-input\":{\"@type\":\"PropertyValueSpecification\",\"valueRequired\":true,\"valueName\":\"search_term_string\"}}],\"inLanguage\":\"en-US\"},{\"@type\":\"Organization\",\"@id\":\"https:\\\/\\\/www.transdiff.com\\\/en\\\/#organization\",\"name\":\"TransDiff JDH Peterbilt\",\"alternateName\":\"TransDiff\",\"url\":\"https:\\\/\\\/www.transdiff.com\\\/en\\\/\",\"logo\":{\"@type\":\"ImageObject\",\"inLanguage\":\"en-US\",\"@id\":\"https:\\\/\\\/www.transdiff.com\\\/en\\\/#\\\/schema\\\/logo\\\/image\\\/\",\"url\":\"https:\\\/\\\/www.transdiff.com\\\/wp-content\\\/uploads\\\/2023\\\/08\\\/logos.svg\",\"contentUrl\":\"https:\\\/\\\/www.transdiff.com\\\/wp-content\\\/uploads\\\/2023\\\/08\\\/logos.svg\",\"width\":663,\"height\":98,\"caption\":\"TransDiff JDH Peterbilt\"},\"image\":{\"@id\":\"https:\\\/\\\/www.transdiff.com\\\/en\\\/#\\\/schema\\\/logo\\\/image\\\/\"},\"sameAs\":[\"https:\\\/\\\/www.facebook.com\\\/transdiff\\\/\",\"https:\\\/\\\/www.instagram.com\\\/transdiff\\\/\",\"https:\\\/\\\/www.tiktok.com\\\/@transdiff_peterbilt\",\"https:\\\/\\\/www.linkedin.com\\\/company\\\/transdiff-jdh-peterbilt\"]}]}<\/script>\n<!-- \/ Yoast SEO plugin. -->","yoast_head_json":{"title":"Our representatives - TransDiff","robots":{"index":"index","follow":"follow","max-snippet":"max-snippet:-1","max-image-preview":"max-image-preview:large","max-video-preview":"max-video-preview:-1"},"canonical":"https:\/\/www.transdiff.com\/en\/our-teams\/","og_locale":"en_US","og_type":"article","og_title":"Our representatives - TransDiff","og_url":"https:\/\/www.transdiff.com\/en\/our-teams\/","og_site_name":"TransDiff","article_publisher":"https:\/\/www.facebook.com\/transdiff\/","article_modified_time":"2026-03-05T18:56:56+00:00","og_image":[{"width":1000,"height":750,"url":"https:\/\/www.transdiff.com\/wp-content\/uploads\/2023\/08\/pieces.webp","type":"image\/webp"}],"twitter_card":"summary_large_image","twitter_misc":{"Est. reading time":"2 minutes"},"schema":{"@context":"https:\/\/schema.org","@graph":[{"@type":"WebPage","@id":"https:\/\/www.transdiff.com\/en\/our-teams\/","url":"https:\/\/www.transdiff.com\/en\/our-teams\/","name":"Our representatives - TransDiff","isPartOf":{"@id":"https:\/\/www.transdiff.com\/en\/#website"},"primaryImageOfPage":{"@id":"https:\/\/www.transdiff.com\/en\/our-teams\/#primaryimage"},"image":{"@id":"https:\/\/www.transdiff.com\/en\/our-teams\/#primaryimage"},"thumbnailUrl":"https:\/\/www.transdiff.com\/wp-content\/uploads\/2023\/08\/pieces.webp","datePublished":"2023-08-09T19:16:41+00:00","dateModified":"2026-03-05T18:56:56+00:00","breadcrumb":{"@id":"https:\/\/www.transdiff.com\/en\/our-teams\/#breadcrumb"},"inLanguage":"en-US","potentialAction":[{"@type":"ReadAction","target":["https:\/\/www.transdiff.com\/en\/our-teams\/"]}]},{"@type":"ImageObject","inLanguage":"en-US","@id":"https:\/\/www.transdiff.com\/en\/our-teams\/#primaryimage","url":"https:\/\/www.transdiff.com\/wp-content\/uploads\/2023\/08\/pieces.webp","contentUrl":"https:\/\/www.transdiff.com\/wp-content\/uploads\/2023\/08\/pieces.webp"},{"@type":"BreadcrumbList","@id":"https:\/\/www.transdiff.com\/en\/our-teams\/#breadcrumb","itemListElement":[{"@type":"ListItem","position":1,"name":"Home","item":"https:\/\/www.transdiff.com\/en\/"},{"@type":"ListItem","position":2,"name":"Our representatives"}]},{"@type":"WebSite","@id":"https:\/\/www.transdiff.com\/en\/#website","url":"https:\/\/www.transdiff.com\/en\/","name":"TransDiff JDH Peterbilt","description":"","publisher":{"@id":"https:\/\/www.transdiff.com\/en\/#organization"},"alternateName":"TransDiff","potentialAction":[{"@type":"SearchAction","target":{"@type":"EntryPoint","urlTemplate":"https:\/\/www.transdiff.com\/en\/?s={search_term_string}"},"query-input":{"@type":"PropertyValueSpecification","valueRequired":true,"valueName":"search_term_string"}}],"inLanguage":"en-US"},{"@type":"Organization","@id":"https:\/\/www.transdiff.com\/en\/#organization","name":"TransDiff JDH Peterbilt","alternateName":"TransDiff","url":"https:\/\/www.transdiff.com\/en\/","logo":{"@type":"ImageObject","inLanguage":"en-US","@id":"https:\/\/www.transdiff.com\/en\/#\/schema\/logo\/image\/","url":"https:\/\/www.transdiff.com\/wp-content\/uploads\/2023\/08\/logos.svg","contentUrl":"https:\/\/www.transdiff.com\/wp-content\/uploads\/2023\/08\/logos.svg","width":663,"height":98,"caption":"TransDiff JDH Peterbilt"},"image":{"@id":"https:\/\/www.transdiff.com\/en\/#\/schema\/logo\/image\/"},"sameAs":["https:\/\/www.facebook.com\/transdiff\/","https:\/\/www.instagram.com\/transdiff\/","https:\/\/www.tiktok.com\/@transdiff_peterbilt","https:\/\/www.linkedin.com\/company\/transdiff-jdh-peterbilt"]}]}},"_links":{"self":[{"href":"https:\/\/www.transdiff.com\/en\/wp-json\/wp\/v2\/pages\/1794","targetHints":{"allow":["GET"]}}],"collection":[{"href":"https:\/\/www.transdiff.com\/en\/wp-json\/wp\/v2\/pages"}],"about":[{"href":"https:\/\/www.transdiff.com\/en\/wp-json\/wp\/v2\/types\/page"}],"author":[{"embeddable":true,"href":"https:\/\/www.transdiff.com\/en\/wp-json\/wp\/v2\/users\/3"}],"replies":[{"embeddable":true,"href":"https:\/\/www.transdiff.com\/en\/wp-json\/wp\/v2\/comments?post=1794"}],"version-history":[{"count":20,"href":"https:\/\/www.transdiff.com\/en\/wp-json\/wp\/v2\/pages\/1794\/revisions"}],"predecessor-version":[{"id":13404,"href":"https:\/\/www.transdiff.com\/en\/wp-json\/wp\/v2\/pages\/1794\/revisions\/13404"}],"wp:attachment":[{"href":"https:\/\/www.transdiff.com\/en\/wp-json\/wp\/v2\/media?parent=1794"}],"curies":[{"name":"wp","href":"https:\/\/api.w.org\/{rel}","templated":true}]}}