{"id":3994,"date":"2023-10-25T16:11:29","date_gmt":"2023-10-25T20:11:29","guid":{"rendered":"https:\/\/www.transdiff.com\/nos-services\/"},"modified":"2023-11-14T10:48:19","modified_gmt":"2023-11-14T15:48:19","slug":"our-services","status":"publish","type":"page","link":"https:\/\/www.transdiff.com\/en\/our-services\/","title":{"rendered":"Our services"},"content":{"rendered":"<section\n    class=\"block-hero-with-breadcrumbs align relative z-10 block bg-white\"\n    id=\"\"\n    data-block=\"block_5de0ce1f3fbce03a2edbcc3c35993d0e\"\n>\n    <div class=\"padd-y !pt-4\">\n        <div class=\"container\">\n                            <p class=\"text-xs text-gray-400\" id=\"breadcrumbs\"><span><span><a href=\"https:\/\/www.transdiff.com\/en\/\">Home<\/a><\/span><\/span><\/p>\n            \n                            <h2 class=\" max-w-screen-lg mx-auto text-center text-5xl mt-14 mb-0 !font-bold sm:mt-20\">Our services<\/h2>\n            \n            \n        <\/div>\n    <\/div>\n<\/section>\n\n\n\n<div class=\"wp-block-media-text alignwide is-stacked-on-mobile\" id=\"minimizer\"><figure class=\"wp-block-media-text__media\"><video controls src=\"https:\/\/www.transdiff.com\/wp-content\/uploads\/2023\/10\/Minimizer-Fenders.mp4\"><\/video><\/figure><div class=\"wp-block-media-text__content\">\n<h2 class=\"wp-block-heading\">Minimizer<\/h2>\n\n\n\n<p>Did you know that the HD industry was transformed 40 years ago by Minimizer, with the revolutionary invention of its poly fenders? Famous for their lightweight yet durable design, they\u2019ve become a must-have for road professionals around the world.<\/p>\n\n\n\n<p>TransDiff JDH Peterbilt is proud to offer these professional-grade fenders for your truck fleet. Combine them with our brackets to create the perfect flex system, which has been tested and tortured to ensure it stands up to the harshest conditions. Minimizer offers fenders for virtually all wheels on Class 6, 7 or 8 trucks, as well as most trailers. They provide unrivalled durability, won\u2019t crack under stress, won\u2019t rust, and will retain their shape after a hard impact.<\/p>\n<\/div><\/div>\n\n\n<section id=\"servicemobile\" data-block=\"block_64d649508c71c584cf8cde78400fa801\" class=\"text-img block block-text-img align bg-gray-50\">\n    <div class=\"padd-y\">\n        <div class=\"container\">\n            <div class=\"flex gap-x-8 flex-col-reverse lg:items-center md:flex-row\">\n                <div class=\"w-full md:w-1\/2 pt-6 md:pt-0 lg:py-10 lg:pr-16 insight ghost\">\n                                                                        <h2>Mobile service<\/h2>\n                                            \n                                            <p>Your truck broke down on the road? Our mobile units are available during the same opening hours as the workshop to help you out. Our technicians can respond to several of your requests.<\/p>\n\n                    \n                                    <\/div>\n\n                                    <div class=\"w-full md:w-1\/2 insight fade-up\" >\n                        <picture><source srcset=\"https:\/\/www.transdiff.com\/wp-content\/webp-express\/webp-images\/doc-root\/wp-content\/uploads\/2023\/10\/1200x840_atelier_mobile.jpg.webp 1200w, https:\/\/www.transdiff.com\/wp-content\/webp-express\/webp-images\/doc-root\/wp-content\/uploads\/2023\/10\/1200x840_atelier_mobile-300x210.jpg.webp 300w, https:\/\/www.transdiff.com\/wp-content\/webp-express\/webp-images\/doc-root\/wp-content\/uploads\/2023\/10\/1200x840_atelier_mobile-1024x717.jpg.webp 1024w, https:\/\/www.transdiff.com\/wp-content\/webp-express\/webp-images\/doc-root\/wp-content\/uploads\/2023\/10\/1200x840_atelier_mobile-768x538.jpg.webp 768w, https:\/\/www.transdiff.com\/wp-content\/webp-express\/webp-images\/doc-root\/wp-content\/uploads\/2023\/10\/1200x840_atelier_mobile-600x420.jpg.webp 600w\" sizes=\"auto, (max-width: 750px) 100vw, 750px\" type=\"image\/webp\"><img loading=\"lazy\" decoding=\"async\" width=\"750\" height=\"525\" src=\"https:\/\/www.transdiff.com\/wp-content\/uploads\/2023\/10\/1200x840_atelier_mobile.jpg\" class=\"rounded-xl lg:rounded-2xl webpexpress-processed\" alt=\"\" srcset=\"https:\/\/www.transdiff.com\/wp-content\/uploads\/2023\/10\/1200x840_atelier_mobile.jpg 1200w, https:\/\/www.transdiff.com\/wp-content\/uploads\/2023\/10\/1200x840_atelier_mobile-300x210.jpg 300w, https:\/\/www.transdiff.com\/wp-content\/uploads\/2023\/10\/1200x840_atelier_mobile-1024x717.jpg 1024w, https:\/\/www.transdiff.com\/wp-content\/uploads\/2023\/10\/1200x840_atelier_mobile-768x538.jpg 768w, https:\/\/www.transdiff.com\/wp-content\/uploads\/2023\/10\/1200x840_atelier_mobile-600x420.jpg 600w\" sizes=\"auto, (max-width: 750px) 100vw, 750px\"><\/picture>\n                    <\/div>\n                            <\/div>\n        <\/div>\n    <\/div>\n<\/section>\n\n\n<section id=\"saaq\" data-block=\"block_b081933519320fde370bb594a4cfc76a\" class=\"text-img block block-text-img align bg-white\">\n    <div class=\"padd-y\">\n        <div class=\"container\">\n            <div class=\"flex gap-x-8 flex-col-reverse lg:items-center md:flex-row-reverse\">\n                <div class=\"w-full md:w-1\/2 pt-6 md:pt-0 lg:py-10 lg:pl-10 insight ghost\">\n                                                                        <h2>SAAQ agent<\/h2>\n                                            \n                                            <p>Our L\u00e9vis location is authorized to perform heavy road vehicle checks for the Soci\u00e9t\u00e9 de l\u2019assurance automobile du Qu\u00e9bec (SAAQ). We therefore carry out mechanical checks on all vehicles with a GVWR of 4,500 kg or more; these are usually trailers (enclosed, flat bed, hand-crafted, etc.), trucks and buses. Inspections are performed in the workshop by our trained staff. Don\u2019t hesitate to contact us if you have any questions or to make an appointment.<\/p>\n\n                    \n                                    <\/div>\n\n                                    <div class=\"w-full md:w-1\/2 insight fade-up\" >\n                        <picture><source srcset=\"https:\/\/www.transdiff.com\/wp-content\/webp-express\/webp-images\/doc-root\/wp-content\/uploads\/2023\/10\/1200x840_saaq.jpg.webp 1200w, https:\/\/www.transdiff.com\/wp-content\/webp-express\/webp-images\/doc-root\/wp-content\/uploads\/2023\/10\/1200x840_saaq-300x210.jpg.webp 300w, https:\/\/www.transdiff.com\/wp-content\/webp-express\/webp-images\/doc-root\/wp-content\/uploads\/2023\/10\/1200x840_saaq-1024x717.jpg.webp 1024w, https:\/\/www.transdiff.com\/wp-content\/webp-express\/webp-images\/doc-root\/wp-content\/uploads\/2023\/10\/1200x840_saaq-768x538.jpg.webp 768w, https:\/\/www.transdiff.com\/wp-content\/webp-express\/webp-images\/doc-root\/wp-content\/uploads\/2023\/10\/1200x840_saaq-600x420.jpg.webp 600w\" sizes=\"auto, (max-width: 750px) 100vw, 750px\" type=\"image\/webp\"><img loading=\"lazy\" decoding=\"async\" width=\"750\" height=\"525\" src=\"https:\/\/www.transdiff.com\/wp-content\/uploads\/2023\/10\/1200x840_saaq.jpg\" class=\"rounded-xl lg:rounded-2xl webpexpress-processed\" alt=\"\" srcset=\"https:\/\/www.transdiff.com\/wp-content\/uploads\/2023\/10\/1200x840_saaq.jpg 1200w, https:\/\/www.transdiff.com\/wp-content\/uploads\/2023\/10\/1200x840_saaq-300x210.jpg 300w, https:\/\/www.transdiff.com\/wp-content\/uploads\/2023\/10\/1200x840_saaq-1024x717.jpg 1024w, https:\/\/www.transdiff.com\/wp-content\/uploads\/2023\/10\/1200x840_saaq-768x538.jpg 768w, https:\/\/www.transdiff.com\/wp-content\/uploads\/2023\/10\/1200x840_saaq-600x420.jpg 600w\" sizes=\"auto, (max-width: 750px) 100vw, 750px\"><\/picture>\n                    <\/div>\n                            <\/div>\n        <\/div>\n    <\/div>\n<\/section>\n\n\n<section id=\"rapidcheck\" data-block=\"block_8d0cb8bf49f78d15ab84782ec8c5a648\" class=\"text-img block block-text-img align bg-gray-50\">\n    <div class=\"padd-y\">\n        <div class=\"container\">\n            <div class=\"flex gap-x-8 flex-col-reverse lg:items-center md:flex-row\">\n                <div class=\"w-full md:w-1\/2 pt-6 md:pt-0 lg:py-10 lg:pr-16 insight ghost\">\n                                                                        <h2>Rapid Check<\/h2>\n                                            \n                                            <p>Rapid Check is a North American-wide rapid assessment service. This service will keep you on the road as long as possible. You\u2019ll get a quick and accurate diagnosis in two hours or less. Our certified technicians receive ongoing training to ensure professional workmanship. When you need a reliable and fast repair or maintenance job done right the first time, stop by one of our five locations.<\/p>\n\n                    \n                                    <\/div>\n\n                                    <div class=\"w-full md:w-1\/2 insight fade-up\" >\n                        <picture><source srcset=\"https:\/\/www.transdiff.com\/wp-content\/webp-express\/webp-images\/doc-root\/wp-content\/uploads\/2023\/10\/1200x840_RapidCheckLogo.jpg.webp 1080w, https:\/\/www.transdiff.com\/wp-content\/webp-express\/webp-images\/doc-root\/wp-content\/uploads\/2023\/10\/1200x840_RapidCheckLogo-300x156.jpg.webp 300w, https:\/\/www.transdiff.com\/wp-content\/webp-express\/webp-images\/doc-root\/wp-content\/uploads\/2023\/10\/1200x840_RapidCheckLogo-1024x531.jpg.webp 1024w, https:\/\/www.transdiff.com\/wp-content\/webp-express\/webp-images\/doc-root\/wp-content\/uploads\/2023\/10\/1200x840_RapidCheckLogo-768x398.jpg.webp 768w, https:\/\/www.transdiff.com\/wp-content\/webp-express\/webp-images\/doc-root\/wp-content\/uploads\/2023\/10\/1200x840_RapidCheckLogo-600x311.jpg.webp 600w\" sizes=\"auto, (max-width: 750px) 100vw, 750px\" type=\"image\/webp\"><img loading=\"lazy\" decoding=\"async\" width=\"750\" height=\"389\" src=\"https:\/\/www.transdiff.com\/wp-content\/uploads\/2023\/10\/1200x840_RapidCheckLogo.jpg\" class=\"rounded-xl lg:rounded-2xl webpexpress-processed\" alt=\"\" srcset=\"https:\/\/www.transdiff.com\/wp-content\/uploads\/2023\/10\/1200x840_RapidCheckLogo.jpg 1080w, https:\/\/www.transdiff.com\/wp-content\/uploads\/2023\/10\/1200x840_RapidCheckLogo-300x156.jpg 300w, https:\/\/www.transdiff.com\/wp-content\/uploads\/2023\/10\/1200x840_RapidCheckLogo-1024x531.jpg 1024w, https:\/\/www.transdiff.com\/wp-content\/uploads\/2023\/10\/1200x840_RapidCheckLogo-768x398.jpg 768w, https:\/\/www.transdiff.com\/wp-content\/uploads\/2023\/10\/1200x840_RapidCheckLogo-600x311.jpg 600w\" sizes=\"auto, (max-width: 750px) 100vw, 750px\"><\/picture>\n                    <\/div>\n                            <\/div>\n        <\/div>\n    <\/div>\n<\/section>\n","protected":false},"excerpt":{"rendered":"<p>Minimizer Did you know that the HD industry was transformed 40 years ago by Minimizer, with the revolutionary invention of its poly fenders? Famous for their lightweight yet durable design, they\u2019ve become a must-have for road professionals around the world. TransDiff JDH Peterbilt is proud to offer these professional-grade fenders for your truck fleet. Combine &hellip; <a href=\"https:\/\/www.transdiff.com\/en\/our-services\/\">Continued<\/a><\/p>\n","protected":false},"author":14,"featured_media":0,"parent":0,"menu_order":0,"comment_status":"closed","ping_status":"closed","template":"","meta":{"_acf_changed":false,"footnotes":""},"class_list":["post-3994","page","type-page","status-publish","hentry"],"acf":[],"yoast_head":"<!-- This site is optimized with the Yoast SEO plugin v27.2 - https:\/\/yoast.com\/product\/yoast-seo-wordpress\/ -->\n<title>Our services - TransDiff<\/title>\n<meta name=\"robots\" content=\"index, follow, max-snippet:-1, max-image-preview:large, max-video-preview:-1\" \/>\n<link rel=\"canonical\" href=\"https:\/\/www.transdiff.com\/en\/our-services\/\" \/>\n<meta property=\"og:locale\" content=\"en_US\" \/>\n<meta property=\"og:type\" content=\"article\" \/>\n<meta property=\"og:title\" content=\"Our services - TransDiff\" \/>\n<meta property=\"og:description\" content=\"Minimizer Did you know that the HD industry was transformed 40 years ago by Minimizer, with the revolutionary invention of its poly fenders? Famous for their lightweight yet durable design, they\u2019ve become a must-have for road professionals around the world. TransDiff JDH Peterbilt is proud to offer these professional-grade fenders for your truck fleet. Combine &hellip; Continued\" \/>\n<meta property=\"og:url\" content=\"https:\/\/www.transdiff.com\/en\/our-services\/\" \/>\n<meta property=\"og:site_name\" content=\"TransDiff\" \/>\n<meta property=\"article:publisher\" content=\"https:\/\/www.facebook.com\/transdiff\/\" \/>\n<meta property=\"article:modified_time\" content=\"2023-11-14T15:48:19+00:00\" \/>\n<meta property=\"og:image\" content=\"https:\/\/www.transdiff.com\/wp-content\/uploads\/2023\/08\/TransDiff_Image_partage.png\" \/>\n\t<meta property=\"og:image:width\" content=\"1200\" \/>\n\t<meta property=\"og:image:height\" content=\"675\" \/>\n\t<meta property=\"og:image:type\" content=\"image\/png\" \/>\n<meta name=\"twitter:card\" content=\"summary_large_image\" \/>\n<meta name=\"twitter:label1\" content=\"Est. reading time\" \/>\n\t<meta name=\"twitter:data1\" content=\"1 minute\" \/>\n<script type=\"application\/ld+json\" class=\"yoast-schema-graph\">{\"@context\":\"https:\/\/schema.org\",\"@graph\":[{\"@type\":\"WebPage\",\"@id\":\"https:\/\/www.transdiff.com\/en\/our-services\/\",\"url\":\"https:\/\/www.transdiff.com\/en\/our-services\/\",\"name\":\"Our services - TransDiff\",\"isPartOf\":{\"@id\":\"https:\/\/www.transdiff.com\/en\/#website\"},\"datePublished\":\"2023-10-25T20:11:29+00:00\",\"dateModified\":\"2023-11-14T15:48:19+00:00\",\"breadcrumb\":{\"@id\":\"https:\/\/www.transdiff.com\/en\/our-services\/#breadcrumb\"},\"inLanguage\":\"en-US\",\"potentialAction\":[{\"@type\":\"ReadAction\",\"target\":[\"https:\/\/www.transdiff.com\/en\/our-services\/\"]}]},{\"@type\":\"BreadcrumbList\",\"@id\":\"https:\/\/www.transdiff.com\/en\/our-services\/#breadcrumb\",\"itemListElement\":[{\"@type\":\"ListItem\",\"position\":1,\"name\":\"Home\",\"item\":\"https:\/\/www.transdiff.com\/en\/\"},{\"@type\":\"ListItem\",\"position\":2,\"name\":\"Our services\"}]},{\"@type\":\"WebSite\",\"@id\":\"https:\/\/www.transdiff.com\/en\/#website\",\"url\":\"https:\/\/www.transdiff.com\/en\/\",\"name\":\"TransDiff JDH Peterbilt\",\"description\":\"\",\"publisher\":{\"@id\":\"https:\/\/www.transdiff.com\/en\/#organization\"},\"alternateName\":\"TransDiff\",\"potentialAction\":[{\"@type\":\"SearchAction\",\"target\":{\"@type\":\"EntryPoint\",\"urlTemplate\":\"https:\/\/www.transdiff.com\/en\/?s={search_term_string}\"},\"query-input\":{\"@type\":\"PropertyValueSpecification\",\"valueRequired\":true,\"valueName\":\"search_term_string\"}}],\"inLanguage\":\"en-US\"},{\"@type\":\"Organization\",\"@id\":\"https:\/\/www.transdiff.com\/en\/#organization\",\"name\":\"TransDiff JDH Peterbilt\",\"alternateName\":\"TransDiff\",\"url\":\"https:\/\/www.transdiff.com\/en\/\",\"logo\":{\"@type\":\"ImageObject\",\"inLanguage\":\"en-US\",\"@id\":\"https:\/\/www.transdiff.com\/en\/#\/schema\/logo\/image\/\",\"url\":\"https:\/\/www.transdiff.com\/wp-content\/uploads\/2023\/08\/logos.svg\",\"contentUrl\":\"https:\/\/www.transdiff.com\/wp-content\/uploads\/2023\/08\/logos.svg\",\"width\":663,\"height\":98,\"caption\":\"TransDiff JDH Peterbilt\"},\"image\":{\"@id\":\"https:\/\/www.transdiff.com\/en\/#\/schema\/logo\/image\/\"},\"sameAs\":[\"https:\/\/www.facebook.com\/transdiff\/\",\"https:\/\/www.instagram.com\/transdiff\/\",\"https:\/\/www.tiktok.com\/@transdiff_peterbilt\",\"https:\/\/www.linkedin.com\/company\/transdiff-jdh-peterbilt\"]}]}<\/script>\n<!-- \/ Yoast SEO plugin. -->","yoast_head_json":{"title":"Our services - TransDiff","robots":{"index":"index","follow":"follow","max-snippet":"max-snippet:-1","max-image-preview":"max-image-preview:large","max-video-preview":"max-video-preview:-1"},"canonical":"https:\/\/www.transdiff.com\/en\/our-services\/","og_locale":"en_US","og_type":"article","og_title":"Our services - TransDiff","og_description":"Minimizer Did you know that the HD industry was transformed 40 years ago by Minimizer, with the revolutionary invention of its poly fenders? Famous for their lightweight yet durable design, they\u2019ve become a must-have for road professionals around the world. TransDiff JDH Peterbilt is proud to offer these professional-grade fenders for your truck fleet. Combine &hellip; Continued","og_url":"https:\/\/www.transdiff.com\/en\/our-services\/","og_site_name":"TransDiff","article_publisher":"https:\/\/www.facebook.com\/transdiff\/","article_modified_time":"2023-11-14T15:48:19+00:00","og_image":[{"width":1200,"height":675,"url":"https:\/\/www.transdiff.com\/wp-content\/uploads\/2023\/08\/TransDiff_Image_partage.png","type":"image\/png"}],"twitter_card":"summary_large_image","twitter_misc":{"Est. reading time":"1 minute"},"schema":{"@context":"https:\/\/schema.org","@graph":[{"@type":"WebPage","@id":"https:\/\/www.transdiff.com\/en\/our-services\/","url":"https:\/\/www.transdiff.com\/en\/our-services\/","name":"Our services - TransDiff","isPartOf":{"@id":"https:\/\/www.transdiff.com\/en\/#website"},"datePublished":"2023-10-25T20:11:29+00:00","dateModified":"2023-11-14T15:48:19+00:00","breadcrumb":{"@id":"https:\/\/www.transdiff.com\/en\/our-services\/#breadcrumb"},"inLanguage":"en-US","potentialAction":[{"@type":"ReadAction","target":["https:\/\/www.transdiff.com\/en\/our-services\/"]}]},{"@type":"BreadcrumbList","@id":"https:\/\/www.transdiff.com\/en\/our-services\/#breadcrumb","itemListElement":[{"@type":"ListItem","position":1,"name":"Home","item":"https:\/\/www.transdiff.com\/en\/"},{"@type":"ListItem","position":2,"name":"Our services"}]},{"@type":"WebSite","@id":"https:\/\/www.transdiff.com\/en\/#website","url":"https:\/\/www.transdiff.com\/en\/","name":"TransDiff JDH Peterbilt","description":"","publisher":{"@id":"https:\/\/www.transdiff.com\/en\/#organization"},"alternateName":"TransDiff","potentialAction":[{"@type":"SearchAction","target":{"@type":"EntryPoint","urlTemplate":"https:\/\/www.transdiff.com\/en\/?s={search_term_string}"},"query-input":{"@type":"PropertyValueSpecification","valueRequired":true,"valueName":"search_term_string"}}],"inLanguage":"en-US"},{"@type":"Organization","@id":"https:\/\/www.transdiff.com\/en\/#organization","name":"TransDiff JDH Peterbilt","alternateName":"TransDiff","url":"https:\/\/www.transdiff.com\/en\/","logo":{"@type":"ImageObject","inLanguage":"en-US","@id":"https:\/\/www.transdiff.com\/en\/#\/schema\/logo\/image\/","url":"https:\/\/www.transdiff.com\/wp-content\/uploads\/2023\/08\/logos.svg","contentUrl":"https:\/\/www.transdiff.com\/wp-content\/uploads\/2023\/08\/logos.svg","width":663,"height":98,"caption":"TransDiff JDH Peterbilt"},"image":{"@id":"https:\/\/www.transdiff.com\/en\/#\/schema\/logo\/image\/"},"sameAs":["https:\/\/www.facebook.com\/transdiff\/","https:\/\/www.instagram.com\/transdiff\/","https:\/\/www.tiktok.com\/@transdiff_peterbilt","https:\/\/www.linkedin.com\/company\/transdiff-jdh-peterbilt"]}]}},"_links":{"self":[{"href":"https:\/\/www.transdiff.com\/en\/wp-json\/wp\/v2\/pages\/3994","targetHints":{"allow":["GET"]}}],"collection":[{"href":"https:\/\/www.transdiff.com\/en\/wp-json\/wp\/v2\/pages"}],"about":[{"href":"https:\/\/www.transdiff.com\/en\/wp-json\/wp\/v2\/types\/page"}],"author":[{"embeddable":true,"href":"https:\/\/www.transdiff.com\/en\/wp-json\/wp\/v2\/users\/14"}],"replies":[{"embeddable":true,"href":"https:\/\/www.transdiff.com\/en\/wp-json\/wp\/v2\/comments?post=3994"}],"version-history":[{"count":3,"href":"https:\/\/www.transdiff.com\/en\/wp-json\/wp\/v2\/pages\/3994\/revisions"}],"predecessor-version":[{"id":4064,"href":"https:\/\/www.transdiff.com\/en\/wp-json\/wp\/v2\/pages\/3994\/revisions\/4064"}],"wp:attachment":[{"href":"https:\/\/www.transdiff.com\/en\/wp-json\/wp\/v2\/media?parent=3994"}],"curies":[{"name":"wp","href":"https:\/\/api.w.org\/{rel}","templated":true}]}}